{"id":1836,"date":"2019-11-20T07:47:02","date_gmt":"2019-11-20T07:47:02","guid":{"rendered":"https:\/\/www.egarlaser.com\/servicios\/"},"modified":"2025-05-10T10:29:48","modified_gmt":"2025-05-10T10:29:48","slug":"servicios","status":"publish","type":"page","link":"https:\/\/www.egarlaser.com\/fr\/servicios\/","title":{"rendered":"Services"},"content":{"rendered":"\t\t<div data-elementor-type=\"wp-post\" data-elementor-id=\"1836\" class=\"elementor elementor-1836 elementor-1020\" data-elementor-post-type=\"page\">\n\t\t\t\t\t\t<section class=\"elementor-section elementor-top-section elementor-element elementor-element-yoa2rfz elementor-section-boxed elementor-section-height-default elementor-section-height-default\" data-id=\"yoa2rfz\" data-element_type=\"section\" data-e-type=\"section\" data-settings=\"{&quot;background_background&quot;:&quot;classic&quot;,&quot;shape_divider_bottom&quot;:&quot;arrow&quot;,&quot;shape_divider_bottom_negative&quot;:&quot;yes&quot;}\">\n\t\t\t\t\t\t\t<div class=\"elementor-background-overlay\"><\/div>\n\t\t\t\t\t\t<div class=\"elementor-shape elementor-shape-bottom\" aria-hidden=\"true\" data-negative=\"true\">\n\t\t\t<svg xmlns=\"http:\/\/www.w3.org\/2000\/svg\" viewBox=\"0 0 700 10\" preserveAspectRatio=\"none\">\n\t<path class=\"elementor-shape-fill\" d=\"M360 0L350 9.9 340 0 0 0 0 10 700 10 700 0\"\/>\n<\/svg>\t\t<\/div>\n\t\t\t\t\t<div class=\"elementor-container elementor-column-gap-default\">\n\t\t\t\t\t<div class=\"elementor-column elementor-col-100 elementor-top-column elementor-element elementor-element-imol9vb\" data-id=\"imol9vb\" data-element_type=\"column\" data-e-type=\"column\">\n\t\t\t<div class=\"elementor-widget-wrap elementor-element-populated\">\n\t\t\t\t\t\t<div class=\"elementor-element elementor-element-271wo6f elementor-widget elementor-widget-spacer\" data-id=\"271wo6f\" data-element_type=\"widget\" data-e-type=\"widget\" data-widget_type=\"spacer.default\">\n\t\t\t\t<div class=\"elementor-widget-container\">\n\t\t\t\t\t\t\t<div class=\"elementor-spacer\">\n\t\t\t<div class=\"elementor-spacer-inner\"><\/div>\n\t\t<\/div>\n\t\t\t\t\t\t<\/div>\n\t\t\t\t<\/div>\n\t\t\t\t<section class=\"elementor-section elementor-inner-section elementor-element elementor-element-x5rxl7n elementor-section-boxed elementor-section-height-default elementor-section-height-default\" data-id=\"x5rxl7n\" data-element_type=\"section\" data-e-type=\"section\">\n\t\t\t\t\t\t<div class=\"elementor-container elementor-column-gap-default\">\n\t\t\t\t\t<div class=\"elementor-column elementor-col-33 elementor-inner-column elementor-element elementor-element-b6bimvq\" data-id=\"b6bimvq\" data-element_type=\"column\" data-e-type=\"column\">\n\t\t\t<div class=\"elementor-widget-wrap elementor-element-populated\">\n\t\t\t\t\t\t<div class=\"elementor-element elementor-element-4egw4as elementor-widget elementor-widget-image-box\" data-id=\"4egw4as\" data-element_type=\"widget\" data-e-type=\"widget\" data-widget_type=\"image-box.default\">\n\t\t\t\t<div class=\"elementor-widget-container\">\n\t\t\t\t\t<div class=\"elementor-image-box-wrapper\"><div class=\"elementor-image-box-content\"><h2 class=\"elementor-image-box-title\">Services<\/h2><\/div><\/div>\t\t\t\t<\/div>\n\t\t\t\t<\/div>\n\t\t\t\t\t<\/div>\n\t\t<\/div>\n\t\t\t\t<div class=\"elementor-column elementor-col-33 elementor-inner-column elementor-element elementor-element-ywdem89\" data-id=\"ywdem89\" data-element_type=\"column\" data-e-type=\"column\">\n\t\t\t<div class=\"elementor-widget-wrap\">\n\t\t\t\t\t\t\t<\/div>\n\t\t<\/div>\n\t\t\t\t<div class=\"elementor-column elementor-col-33 elementor-inner-column elementor-element elementor-element-2yzqfd2\" data-id=\"2yzqfd2\" data-element_type=\"column\" data-e-type=\"column\">\n\t\t\t<div class=\"elementor-widget-wrap\">\n\t\t\t\t\t\t\t<\/div>\n\t\t<\/div>\n\t\t\t\t\t<\/div>\n\t\t<\/section>\n\t\t\t\t<div class=\"elementor-element elementor-element-1lhsz12 elementor-widget elementor-widget-spacer\" data-id=\"1lhsz12\" data-element_type=\"widget\" data-e-type=\"widget\" data-widget_type=\"spacer.default\">\n\t\t\t\t<div class=\"elementor-widget-container\">\n\t\t\t\t\t\t\t<div class=\"elementor-spacer\">\n\t\t\t<div class=\"elementor-spacer-inner\"><\/div>\n\t\t<\/div>\n\t\t\t\t\t\t<\/div>\n\t\t\t\t<\/div>\n\t\t\t\t\t<\/div>\n\t\t<\/div>\n\t\t\t\t\t<\/div>\n\t\t<\/section>\n\t\t\t\t<section class=\"elementor-section elementor-top-section elementor-element elementor-element-8354507 elementor-section-boxed elementor-section-height-default elementor-section-height-default\" data-id=\"8354507\" data-element_type=\"section\" data-e-type=\"section\">\n\t\t\t\t\t\t<div class=\"elementor-container elementor-column-gap-default\">\n\t\t\t\t\t<div class=\"elementor-column elementor-col-100 elementor-top-column elementor-element elementor-element-6265c50\" data-id=\"6265c50\" data-element_type=\"column\" data-e-type=\"column\">\n\t\t\t<div class=\"elementor-widget-wrap elementor-element-populated\">\n\t\t\t\t\t\t<div class=\"elementor-element elementor-element-422a458 elementor-widget elementor-widget-heading\" data-id=\"422a458\" data-element_type=\"widget\" data-e-type=\"widget\" data-widget_type=\"heading.default\">\n\t\t\t\t<div class=\"elementor-widget-container\">\n\t\t\t\t\t<h2 class=\"elementor-heading-title elementor-size-default\">Nous fournissons des services \u00e0 diff\u00e9rents secteurs industriels. Nous sommes une entreprise technicis\u00e9e, agile et polyvalente qui s'adapte aux besoins.<\/h2>\t\t\t\t<\/div>\n\t\t\t\t<\/div>\n\t\t\t\t\t<\/div>\n\t\t<\/div>\n\t\t\t\t\t<\/div>\n\t\t<\/section>\n\t\t\t\t<section class=\"elementor-section elementor-top-section elementor-element elementor-element-b1d2b05 elementor-section-boxed elementor-section-height-default elementor-section-height-default\" data-id=\"b1d2b05\" data-element_type=\"section\" data-e-type=\"section\">\n\t\t\t\t\t\t<div class=\"elementor-container elementor-column-gap-default\">\n\t\t\t\t\t<div class=\"elementor-column elementor-col-33 elementor-top-column elementor-element elementor-element-361bf63\" data-id=\"361bf63\" data-element_type=\"column\" data-e-type=\"column\" data-settings=\"{&quot;background_background&quot;:&quot;classic&quot;}\">\n\t\t\t<div class=\"elementor-widget-wrap elementor-element-populated\">\n\t\t\t\t\t\t<div class=\"elementor-element elementor-element-edf2a54 elementor-widget elementor-widget-heading\" data-id=\"edf2a54\" data-element_type=\"widget\" data-e-type=\"widget\" data-widget_type=\"heading.default\">\n\t\t\t\t<div class=\"elementor-widget-container\">\n\t\t\t\t\t<h4 class=\"elementor-heading-title elementor-size-default\">Usinage de la t\u00f4le<\/h4>\t\t\t\t<\/div>\n\t\t\t\t<\/div>\n\t\t\t\t<div class=\"elementor-element elementor-element-ff67d0e elementor-widget elementor-widget-text-editor\" data-id=\"ff67d0e\" data-element_type=\"widget\" data-e-type=\"widget\" data-widget_type=\"text-editor.default\">\n\t\t\t\t<div class=\"elementor-widget-container\">\n\t\t\t\t\t\t\t\t\t<p><strong>Laser:<\/strong><\/p><ul><li>Fer de 0,5 \u00e0 15mm<\/li><li>Galvanis\u00e9 : 0,5 \u00e0 3mm<\/li><li>Inox304-316 : 0,5 \u00e0 12mm<\/li><li>Aluminium : 0,5 \u00e0 8mm<\/li><\/ul><p><strong>Plieuse:<\/strong><\/p><p>Vari\u00e9t\u00e9 de matrices et de poin\u00e7ons pour des \u00e9paisseurs jusqu&rsquo;\u00e0 3 mm.<\/p><p><strong>Cisaille:<\/strong><\/p><ul><li>Longueur max:\u00a0: 3000mm<\/li><li>Fe\/Galv : jusqu&rsquo;\u00e0 6mm<\/li><li>Inox : jusqu&rsquo;\u00e0 3mm<\/li><\/ul>\t\t\t\t\t\t\t\t<\/div>\n\t\t\t\t<\/div>\n\t\t\t\t<div class=\"elementor-element elementor-element-9f84089 elementor-widget elementor-widget-text-editor\" data-id=\"9f84089\" data-element_type=\"widget\" data-e-type=\"widget\" data-widget_type=\"text-editor.default\">\n\t\t\t\t<div class=\"elementor-widget-container\">\n\t\t\t\t\t\t\t\t\t<div id='gallery-1' class='gallery galleryid-1836 gallery-columns-3 gallery-size-large'><figure class='gallery-item'>\n\t\t\t<div class='gallery-icon landscape'>\n\t\t\t\t<a href='https:\/\/www.egarlaser.com\/wp-content\/uploads\/2019\/11\/4265257_orig.jpg'><img fetchpriority=\"high\" decoding=\"async\" width=\"800\" height=\"533\" src=\"https:\/\/www.egarlaser.com\/wp-content\/uploads\/2019\/11\/4265257_orig-1024x682.jpg\" class=\"attachment-large size-large\" alt=\"\" srcset=\"https:\/\/www.egarlaser.com\/wp-content\/uploads\/2019\/11\/4265257_orig-1024x682.jpg 1024w, https:\/\/www.egarlaser.com\/wp-content\/uploads\/2019\/11\/4265257_orig-300x200.jpg 300w, https:\/\/www.egarlaser.com\/wp-content\/uploads\/2019\/11\/4265257_orig-768x512.jpg 768w, https:\/\/www.egarlaser.com\/wp-content\/uploads\/2019\/11\/4265257_orig.jpg 1100w\" sizes=\"(max-width: 800px) 100vw, 800px\" \/><\/a>\n\t\t\t<\/div><\/figure><figure class='gallery-item'>\n\t\t\t<div class='gallery-icon landscape'>\n\t\t\t\t<a href='https:\/\/www.egarlaser.com\/wp-content\/uploads\/2019\/11\/3567824_orig.jpg'><img decoding=\"async\" width=\"800\" height=\"533\" src=\"https:\/\/www.egarlaser.com\/wp-content\/uploads\/2019\/11\/3567824_orig-1024x682.jpg\" class=\"attachment-large size-large\" alt=\"\" srcset=\"https:\/\/www.egarlaser.com\/wp-content\/uploads\/2019\/11\/3567824_orig-1024x682.jpg 1024w, https:\/\/www.egarlaser.com\/wp-content\/uploads\/2019\/11\/3567824_orig-300x200.jpg 300w, https:\/\/www.egarlaser.com\/wp-content\/uploads\/2019\/11\/3567824_orig-768x512.jpg 768w, https:\/\/www.egarlaser.com\/wp-content\/uploads\/2019\/11\/3567824_orig.jpg 1100w\" sizes=\"(max-width: 800px) 100vw, 800px\" \/><\/a>\n\t\t\t<\/div><\/figure><figure class='gallery-item'>\n\t\t\t<div class='gallery-icon landscape'>\n\t\t\t\t<a href='https:\/\/www.egarlaser.com\/wp-content\/uploads\/2019\/11\/5807785_orig.jpg'><img decoding=\"async\" width=\"800\" height=\"533\" src=\"https:\/\/www.egarlaser.com\/wp-content\/uploads\/2019\/11\/5807785_orig-1024x682.jpg\" class=\"attachment-large size-large\" alt=\"\" srcset=\"https:\/\/www.egarlaser.com\/wp-content\/uploads\/2019\/11\/5807785_orig-1024x682.jpg 1024w, https:\/\/www.egarlaser.com\/wp-content\/uploads\/2019\/11\/5807785_orig-300x200.jpg 300w, https:\/\/www.egarlaser.com\/wp-content\/uploads\/2019\/11\/5807785_orig-768x512.jpg 768w, https:\/\/www.egarlaser.com\/wp-content\/uploads\/2019\/11\/5807785_orig.jpg 1100w\" sizes=\"(max-width: 800px) 100vw, 800px\" \/><\/a>\n\t\t\t<\/div><\/figure>\n\t\t<\/div>\n\t\t\t\t\t\t\t\t<\/div>\n\t\t\t\t<\/div>\n\t\t\t\t<div class=\"elementor-element elementor-element-63b134f elementor-widget elementor-widget-image\" data-id=\"63b134f\" data-element_type=\"widget\" data-e-type=\"widget\" data-widget_type=\"image.default\">\n\t\t\t\t<div class=\"elementor-widget-container\">\n\t\t\t\t\t\t\t\t\t\t\t\t\t\t\t<img loading=\"lazy\" decoding=\"async\" width=\"220\" height=\"165\" src=\"https:\/\/www.egarlaser.com\/wp-content\/uploads\/2019\/11\/5933270-3.jpg\" class=\"attachment-medium_large size-medium_large wp-image-1623\" alt=\"\" \/>\t\t\t\t\t\t\t\t\t\t\t\t\t\t\t<\/div>\n\t\t\t\t<\/div>\n\t\t\t\t\t<\/div>\n\t\t<\/div>\n\t\t\t\t<div class=\"elementor-column elementor-col-33 elementor-top-column elementor-element elementor-element-c3d5bb1\" data-id=\"c3d5bb1\" data-element_type=\"column\" data-e-type=\"column\" data-settings=\"{&quot;background_background&quot;:&quot;classic&quot;}\">\n\t\t\t<div class=\"elementor-widget-wrap elementor-element-populated\">\n\t\t\t\t\t\t<div class=\"elementor-element elementor-element-0d9e25c elementor-widget elementor-widget-heading\" data-id=\"0d9e25c\" data-element_type=\"widget\" data-e-type=\"widget\" data-widget_type=\"heading.default\">\n\t\t\t\t<div class=\"elementor-widget-container\">\n\t\t\t\t\t<h4 class=\"elementor-heading-title elementor-size-default\">Formage de la t\u00f4le<\/h4>\t\t\t\t<\/div>\n\t\t\t\t<\/div>\n\t\t\t\t<div class=\"elementor-element elementor-element-6352e5e elementor-widget elementor-widget-text-editor\" data-id=\"6352e5e\" data-element_type=\"widget\" data-e-type=\"widget\" data-widget_type=\"text-editor.default\">\n\t\t\t\t<div class=\"elementor-widget-container\">\n\t\t\t\t\t\t\t\t\t<p><strong>Plieuse 120 T<\/strong><\/p><p><strong>Plieuse 100 T<\/strong><\/p><p><strong>Plieuse 45 T<\/strong><\/p><p>Large disponibilit\u00e9 de matrices et de poin\u00e7ons.<\/p><p><strong>ROULEUSE:<\/strong><\/p><p>Pour les finitions courbes et le tournage de petites et<br \/>moyennes pi\u00e8ces<\/p><ul><li>Largeur max: 1000 mm<\/li><li>\u00c9paisseur max: 3 mm<\/li><\/ul>\t\t\t\t\t\t\t\t<\/div>\n\t\t\t\t<\/div>\n\t\t\t\t<div class=\"elementor-element elementor-element-3e05a4c elementor-widget elementor-widget-text-editor\" data-id=\"3e05a4c\" data-element_type=\"widget\" data-e-type=\"widget\" data-widget_type=\"text-editor.default\">\n\t\t\t\t<div class=\"elementor-widget-container\">\n\t\t\t\t\t\t\t\t\t<div id='gallery-2' class='gallery galleryid-1836 gallery-columns-3 gallery-size-large'><figure class='gallery-item'>\n\t\t\t<div class='gallery-icon landscape'>\n\t\t\t\t<a href='https:\/\/www.egarlaser.com\/wp-content\/uploads\/2019\/11\/3526993_orig.jpg'><img loading=\"lazy\" decoding=\"async\" width=\"800\" height=\"533\" src=\"https:\/\/www.egarlaser.com\/wp-content\/uploads\/2019\/11\/3526993_orig-1024x682.jpg\" class=\"attachment-large size-large\" alt=\"\" srcset=\"https:\/\/www.egarlaser.com\/wp-content\/uploads\/2019\/11\/3526993_orig-1024x682.jpg 1024w, https:\/\/www.egarlaser.com\/wp-content\/uploads\/2019\/11\/3526993_orig-300x200.jpg 300w, https:\/\/www.egarlaser.com\/wp-content\/uploads\/2019\/11\/3526993_orig-768x512.jpg 768w, https:\/\/www.egarlaser.com\/wp-content\/uploads\/2019\/11\/3526993_orig.jpg 1100w\" sizes=\"(max-width: 800px) 100vw, 800px\" \/><\/a>\n\t\t\t<\/div><\/figure><figure class='gallery-item'>\n\t\t\t<div class='gallery-icon landscape'>\n\t\t\t\t<a href='https:\/\/www.egarlaser.com\/wp-content\/uploads\/2019\/11\/7897514_orig.jpg'><img loading=\"lazy\" decoding=\"async\" width=\"800\" height=\"533\" src=\"https:\/\/www.egarlaser.com\/wp-content\/uploads\/2019\/11\/7897514_orig-1024x682.jpg\" class=\"attachment-large size-large\" alt=\"\" srcset=\"https:\/\/www.egarlaser.com\/wp-content\/uploads\/2019\/11\/7897514_orig-1024x682.jpg 1024w, https:\/\/www.egarlaser.com\/wp-content\/uploads\/2019\/11\/7897514_orig-300x200.jpg 300w, https:\/\/www.egarlaser.com\/wp-content\/uploads\/2019\/11\/7897514_orig-768x512.jpg 768w, https:\/\/www.egarlaser.com\/wp-content\/uploads\/2019\/11\/7897514_orig.jpg 1100w\" sizes=\"(max-width: 800px) 100vw, 800px\" \/><\/a>\n\t\t\t<\/div><\/figure><figure class='gallery-item'>\n\t\t\t<div class='gallery-icon landscape'>\n\t\t\t\t<a href='https:\/\/www.egarlaser.com\/wp-content\/uploads\/2019\/11\/1408007_orig.jpg'><img loading=\"lazy\" decoding=\"async\" width=\"800\" height=\"533\" src=\"https:\/\/www.egarlaser.com\/wp-content\/uploads\/2019\/11\/1408007_orig-1024x682.jpg\" class=\"attachment-large size-large\" alt=\"\" srcset=\"https:\/\/www.egarlaser.com\/wp-content\/uploads\/2019\/11\/1408007_orig-1024x682.jpg 1024w, https:\/\/www.egarlaser.com\/wp-content\/uploads\/2019\/11\/1408007_orig-300x200.jpg 300w, https:\/\/www.egarlaser.com\/wp-content\/uploads\/2019\/11\/1408007_orig-768x512.jpg 768w, https:\/\/www.egarlaser.com\/wp-content\/uploads\/2019\/11\/1408007_orig.jpg 1100w\" sizes=\"(max-width: 800px) 100vw, 800px\" \/><\/a>\n\t\t\t<\/div><\/figure>\n\t\t<\/div>\n\t\t\t\t\t\t\t\t<\/div>\n\t\t\t\t<\/div>\n\t\t\t\t<div class=\"elementor-element elementor-element-9c59a25 elementor-widget elementor-widget-image\" data-id=\"9c59a25\" data-element_type=\"widget\" data-e-type=\"widget\" data-widget_type=\"image.default\">\n\t\t\t\t<div class=\"elementor-widget-container\">\n\t\t\t\t\t\t\t\t\t\t\t\t\t\t\t<img loading=\"lazy\" decoding=\"async\" width=\"252\" height=\"167\" src=\"https:\/\/www.egarlaser.com\/wp-content\/uploads\/2019\/11\/1207154.jpg\" class=\"attachment-large size-large wp-image-1627\" alt=\"\" \/>\t\t\t\t\t\t\t\t\t\t\t\t\t\t\t<\/div>\n\t\t\t\t<\/div>\n\t\t\t\t\t<\/div>\n\t\t<\/div>\n\t\t\t\t<div class=\"elementor-column elementor-col-33 elementor-top-column elementor-element elementor-element-ccce156\" data-id=\"ccce156\" data-element_type=\"column\" data-e-type=\"column\" data-settings=\"{&quot;background_background&quot;:&quot;classic&quot;}\">\n\t\t\t<div class=\"elementor-widget-wrap elementor-element-populated\">\n\t\t\t\t\t\t<div class=\"elementor-element elementor-element-d690b91 elementor-widget elementor-widget-heading\" data-id=\"d690b91\" data-element_type=\"widget\" data-e-type=\"widget\" data-widget_type=\"heading.default\">\n\t\t\t\t<div class=\"elementor-widget-container\">\n\t\t\t\t\t<h4 class=\"elementor-heading-title elementor-size-default\">Soudure<\/h4>\t\t\t\t<\/div>\n\t\t\t\t<\/div>\n\t\t\t\t<div class=\"elementor-element elementor-element-5172b15 elementor-widget elementor-widget-text-editor\" data-id=\"5172b15\" data-element_type=\"widget\" data-e-type=\"widget\" data-widget_type=\"text-editor.default\">\n\t\t\t\t<div class=\"elementor-widget-container\">\n\t\t\t\t\t\t\t\t\t<p><strong>Fabrication de b\u00e2tis en acier m\u00e9cano soud\u00e9<\/strong><\/p><ul><li style=\"list-style-type: none;\"><ul><li>Coupage et soudage de tout type de format longitudinal standard<\/li><\/ul><\/li><\/ul><p><strong>Soudure TIG\/MIG<\/strong><\/p><ul><li style=\"list-style-type: none;\"><ul><li>Soudure unitaire \u00e0 la pi\u00e8ce et\/ou en s\u00e9rie<\/li><\/ul><\/li><\/ul><p><strong>Soudage de boulons et fixation d&rsquo;inserts<\/strong><\/p><ul><li style=\"list-style-type: none;\"><ul><li>Soudage d&rsquo;accessoires en FE, INOX<\/li><\/ul><\/li><\/ul>\t\t\t\t\t\t\t\t<\/div>\n\t\t\t\t<\/div>\n\t\t\t\t<div class=\"elementor-element elementor-element-d816207 elementor-widget elementor-widget-text-editor\" data-id=\"d816207\" data-element_type=\"widget\" data-e-type=\"widget\" data-widget_type=\"text-editor.default\">\n\t\t\t\t<div class=\"elementor-widget-container\">\n\t\t\t\t\t\t\t\t\t<div id='gallery-3' class='gallery galleryid-1836 gallery-columns-3 gallery-size-large'><figure class='gallery-item'>\n\t\t\t<div class='gallery-icon landscape'>\n\t\t\t\t<a href='https:\/\/www.egarlaser.com\/wp-content\/uploads\/2019\/11\/6534488_orig.jpg'><img loading=\"lazy\" decoding=\"async\" width=\"800\" height=\"533\" src=\"https:\/\/www.egarlaser.com\/wp-content\/uploads\/2019\/11\/6534488_orig-1024x682.jpg\" class=\"attachment-large size-large\" alt=\"\" srcset=\"https:\/\/www.egarlaser.com\/wp-content\/uploads\/2019\/11\/6534488_orig-1024x682.jpg 1024w, https:\/\/www.egarlaser.com\/wp-content\/uploads\/2019\/11\/6534488_orig-300x200.jpg 300w, https:\/\/www.egarlaser.com\/wp-content\/uploads\/2019\/11\/6534488_orig-768x512.jpg 768w, https:\/\/www.egarlaser.com\/wp-content\/uploads\/2019\/11\/6534488_orig.jpg 1100w\" sizes=\"(max-width: 800px) 100vw, 800px\" \/><\/a>\n\t\t\t<\/div><\/figure><figure class='gallery-item'>\n\t\t\t<div class='gallery-icon landscape'>\n\t\t\t\t<a href='https:\/\/www.egarlaser.com\/wp-content\/uploads\/2019\/11\/9071095_orig.jpg'><img loading=\"lazy\" decoding=\"async\" width=\"800\" height=\"533\" src=\"https:\/\/www.egarlaser.com\/wp-content\/uploads\/2019\/11\/9071095_orig-1024x682.jpg\" class=\"attachment-large size-large\" alt=\"\" srcset=\"https:\/\/www.egarlaser.com\/wp-content\/uploads\/2019\/11\/9071095_orig-1024x682.jpg 1024w, https:\/\/www.egarlaser.com\/wp-content\/uploads\/2019\/11\/9071095_orig-300x200.jpg 300w, https:\/\/www.egarlaser.com\/wp-content\/uploads\/2019\/11\/9071095_orig-768x512.jpg 768w, https:\/\/www.egarlaser.com\/wp-content\/uploads\/2019\/11\/9071095_orig.jpg 1100w\" sizes=\"(max-width: 800px) 100vw, 800px\" \/><\/a>\n\t\t\t<\/div><\/figure><figure class='gallery-item'>\n\t\t\t<div class='gallery-icon landscape'>\n\t\t\t\t<a href='https:\/\/www.egarlaser.com\/wp-content\/uploads\/2019\/11\/8753468_orig.jpg'><img loading=\"lazy\" decoding=\"async\" width=\"800\" height=\"533\" src=\"https:\/\/www.egarlaser.com\/wp-content\/uploads\/2019\/11\/8753468_orig-1024x682.jpg\" class=\"attachment-large size-large\" alt=\"\" srcset=\"https:\/\/www.egarlaser.com\/wp-content\/uploads\/2019\/11\/8753468_orig-1024x682.jpg 1024w, https:\/\/www.egarlaser.com\/wp-content\/uploads\/2019\/11\/8753468_orig-300x200.jpg 300w, https:\/\/www.egarlaser.com\/wp-content\/uploads\/2019\/11\/8753468_orig-768x512.jpg 768w, https:\/\/www.egarlaser.com\/wp-content\/uploads\/2019\/11\/8753468_orig.jpg 1100w\" sizes=\"(max-width: 800px) 100vw, 800px\" \/><\/a>\n\t\t\t<\/div><\/figure>\n\t\t<\/div>\n\t\t\t\t\t\t\t\t<\/div>\n\t\t\t\t<\/div>\n\t\t\t\t<div class=\"elementor-element elementor-element-2a9b7f2 elementor-widget elementor-widget-image\" data-id=\"2a9b7f2\" data-element_type=\"widget\" data-e-type=\"widget\" data-widget_type=\"image.default\">\n\t\t\t\t<div class=\"elementor-widget-container\">\n\t\t\t\t\t\t\t\t\t\t\t\t\t\t\t<img loading=\"lazy\" decoding=\"async\" width=\"250\" height=\"166\" src=\"https:\/\/www.egarlaser.com\/wp-content\/uploads\/2019\/11\/7905525.jpg\" class=\"attachment-large size-large wp-image-1625\" alt=\"\" \/>\t\t\t\t\t\t\t\t\t\t\t\t\t\t\t<\/div>\n\t\t\t\t<\/div>\n\t\t\t\t\t<\/div>\n\t\t<\/div>\n\t\t\t\t\t<\/div>\n\t\t<\/section>\n\t\t\t\t<\/div>\n\t\t","protected":false},"excerpt":{"rendered":"<p>services Nous fournissons des services \u00e0 diff\u00e9rents secteurs industriels. Nous sommes une entreprise technicis\u00e9e, agile et polyvalente qui s&rsquo;adapte aux besoins. Usinage de la t\u00f4le Laser : Fer de 0,5 \u00e0 15 mm Galvanis\u00e9 : 0,5 \u00e0 3 mm Inox304-316 : 0,5 \u00e0 12mm Aluminium : 0,5 \u00e0 8mm Poin\u00e7onneuse :Vari\u00e9t\u00e9 de matrices et de [&hellip;]<\/p>\n","protected":false},"author":1,"featured_media":0,"parent":0,"menu_order":0,"comment_status":"closed","ping_status":"closed","template":"","meta":{"footnotes":""},"class_list":["post-1836","page","type-page","status-publish","hentry"],"_links":{"self":[{"href":"https:\/\/www.egarlaser.com\/fr\/wp-json\/wp\/v2\/pages\/1836","targetHints":{"allow":["GET"]}}],"collection":[{"href":"https:\/\/www.egarlaser.com\/fr\/wp-json\/wp\/v2\/pages"}],"about":[{"href":"https:\/\/www.egarlaser.com\/fr\/wp-json\/wp\/v2\/types\/page"}],"author":[{"embeddable":true,"href":"https:\/\/www.egarlaser.com\/fr\/wp-json\/wp\/v2\/users\/1"}],"replies":[{"embeddable":true,"href":"https:\/\/www.egarlaser.com\/fr\/wp-json\/wp\/v2\/comments?post=1836"}],"version-history":[{"count":1,"href":"https:\/\/www.egarlaser.com\/fr\/wp-json\/wp\/v2\/pages\/1836\/revisions"}],"predecessor-version":[{"id":5302,"href":"https:\/\/www.egarlaser.com\/fr\/wp-json\/wp\/v2\/pages\/1836\/revisions\/5302"}],"wp:attachment":[{"href":"https:\/\/www.egarlaser.com\/fr\/wp-json\/wp\/v2\/media?parent=1836"}],"curies":[{"name":"wp","href":"https:\/\/api.w.org\/{rel}","templated":true}]}}